{"id":6,"date":"2023-07-02T19:43:11","date_gmt":"2023-07-02T17:43:11","guid":{"rendered":"https:\/\/photogourmande.com\/?page_id=6"},"modified":"2025-03-03T18:16:15","modified_gmt":"2025-03-03T17:16:15","slug":"beaux-portfolios-pour-des-creatifs-exceptionnels","status":"publish","type":"page","link":"https:\/\/photogourmande.com\/","title":{"rendered":"La photo culinaire : mettre en avant vos cr\u00e9ations culinaires"},"content":{"rendered":"\n<p>D\u00e9couvrez l&#8217;univers gourmand captur\u00e9 \u00e0 travers l&#8217;objectif d&#8217;Emmanuelle Grimaud, photographe passionn\u00e9e. Nous vous invitons \u00e0 explorer notre galerie de photos mettant en sc\u00e8ne des mati\u00e8res premi\u00e8res app\u00e9tissantes, mais aussi des produits transform\u00e9s, des plats all\u00e9chants, des p\u00e2tisseries tentantes, des chocolats exquis et m\u00eame des bouteilles de vins ou d&#8217;huile d&#8217;olive. Bref, la photo culinaire.<\/p>\n\n\n\n<p>Notre objectif est de r\u00e9v\u00e9ler la beaut\u00e9 des ingr\u00e9dients de qualit\u00e9 et de pr\u00e9senter chaque plat avec une esth\u00e9tique juste gr\u00e2ce \u00e0 nos conseils et au stylisme. Nous immortalisons \u00e9galement les portraits des cr\u00e9ateurs de ces d\u00e9lices, ainsi que les moments authentiques dans les restaurants et les laboratoires.<\/p>\n\n\n\n<p>Chaque clich\u00e9 est soigneusement compos\u00e9 pour mettre en valeur les textures, les couleurs et les d\u00e9tails uniques. Notre photographe capture l&#8217;essence m\u00eame de la gastronomie, cr\u00e9ant des images qui \u00e9veillent les papilles gustatives et suscitent le d\u00e9sir de savourer chaque bouch\u00e9e.<\/p>\n\n\n\n<p>Que vous soyez un chef cherchant \u00e0 pr\u00e9senter vos cr\u00e9ations culinaires avec \u00e9l\u00e9gance, une marque alimentaire souhaitant promouvoir vos produits avec style, nous allons faire un voyage gustatif inoubliable.<\/p>\n\n\n\n<p>Bienvenue dans notre univers o\u00f9 la photographie gourmande rencontre l&#8217;art de la d\u00e9gustation. Laissez-nous capturer l&#8217;essence de votre passion culinaire et donner vie \u00e0 vos cr\u00e9ations les plus d\u00e9licieuses.<\/p>\n\n\n\n<hr class=\"wp-block-separator has-alpha-channel-opacity\"\/>\n\n\n\n<div style=\"height:55px\" aria-hidden=\"true\" class=\"wp-block-spacer\"><\/div>\n\n\n\n<div class=\"wp-block-group\"><div class=\"wp-block-group__inner-container is-layout-constrained wp-block-group-is-layout-constrained\">\n<p><strong>La m\u00e9daille d&#8217;argent<\/strong><\/p>\n\n\n\n<p>En 2023, j&#8217;ai re\u00e7u la m\u00e9daille d&#8217;argent aux M\u00e9dailles de la Photographie Professionnelle Fran\u00e7aise, en cat\u00e9gorie Culinaire.<br>Il y a 2 et 4 ans au\u00e2ravant, je remportais \u00e0 ce m\u00eame concours la m\u00e9daille de Bronze. Mon travail a \u00e9t\u00e9 reconnu, pour sa recherche graphique et technique, j&#8217;ai donc eu la deuxi\u00e8me place au niveau national.<br>La premi\u00e8re ann\u00e9e, c&#8217;\u00e9tait une photo r\u00e9alis\u00e9e au restaurant le 1789 \u00e0 Montpellier avec un \u00e9cras\u00e9 de pomme de terre \u00e0 la truffe. La deuxi\u00e8me ann\u00e9e, une photo de grenades, dont une ouverte qui laisse \u00e9clater la chaire rouge, avec une lumi\u00e8re inspir\u00e9e de la peinture hollandaise du XVIIe si\u00e8cle.<br>Merci pour la confiance que vous m&#8217;accordez.<br><\/p>\n\n\n\n<figure class=\"wp-block-image size-large\"><img loading=\"lazy\" decoding=\"async\" width=\"1024\" height=\"1024\" src=\"https:\/\/photogourmande.com\/wp-content\/uploads\/2023\/10\/386189141_10227232834024558_6418035153529955791_n-1024x1024.jpg\" alt=\"\" class=\"wp-image-130\" srcset=\"https:\/\/photogourmande.com\/wp-content\/uploads\/2023\/10\/386189141_10227232834024558_6418035153529955791_n-1024x1024.jpg 1024w, https:\/\/photogourmande.com\/wp-content\/uploads\/2023\/10\/386189141_10227232834024558_6418035153529955791_n-300x300.jpg 300w, https:\/\/photogourmande.com\/wp-content\/uploads\/2023\/10\/386189141_10227232834024558_6418035153529955791_n-150x150.jpg 150w, https:\/\/photogourmande.com\/wp-content\/uploads\/2023\/10\/386189141_10227232834024558_6418035153529955791_n-768x768.jpg 768w, https:\/\/photogourmande.com\/wp-content\/uploads\/2023\/10\/386189141_10227232834024558_6418035153529955791_n-600x600.jpg 600w, https:\/\/photogourmande.com\/wp-content\/uploads\/2023\/10\/386189141_10227232834024558_6418035153529955791_n-800x800.jpg 800w, https:\/\/photogourmande.com\/wp-content\/uploads\/2023\/10\/386189141_10227232834024558_6418035153529955791_n.jpg 1080w\" sizes=\"auto, (max-width: 1024px) 100vw, 1024px\" \/><\/figure>\n<\/div><\/div>\n\n\n\n<div class=\"wp-block-group alignfull has-background\" style=\"background-color:#e5e9ec\"><div class=\"wp-block-group__inner-container is-layout-flow wp-block-group-is-layout-flow\">\n<div class=\"wp-block-columns is-layout-flex wp-container-core-columns-is-layout-1 wp-block-columns-is-layout-flex\">\n<div class=\"wp-block-column is-vertically-aligned-center is-layout-flow wp-block-column-is-layout-flow\">\n<h2 class=\"wp-block-heading\">Qui suis-je ?<\/h2>\n\n\n\n<p>D\u00e9couvrez Emmanuelle, femme active dont la passion pour la photographie et la gourmandise se rencontrent pour cr\u00e9er des images captivantes. Un appareil en main et l app\u00e9tit insatiable pour les d\u00e9lices visuels, elle parvient \u00e0 capturer l&#8217;essence m\u00eame de chaque instant gourmand.<\/p>\n\n\n\n<p>Emmanuelle excelle dans l&#8217;art de figer les moments culinaires les plus all\u00e9chants. Son exp\u00e9rience lui permet de mettre en valeur les textures, les couleurs ainsi que les d\u00e9tails de chaque plat, r\u00e9v\u00e9lant ainsi un clich\u00e9 qui \u00e9veille les papilles gustatives.<\/p>\n\n\n\n<p>Emmanuelle a \u00e9t\u00e9 reconnue pour son travail \u00e0 trois reprises, remportant fi\u00e8rement une m\u00e9daille d&#8217;argent et deux m\u00e9dailles de bronze au MPPF (national) et m\u00eame un prix europ\u00e9en. Ces distinctions t\u00e9moignent de son engagement envers l&#8217;excellence artistique et de son d\u00e9vouement \u00e0 cr\u00e9er des images qui transcendent l&#8217;ordinaire.<\/p>\n\n\n\n<p>Plongez dans l&#8217;univers visuel d&#8217;Emmanuelle, o\u00f9 la photographie devient une v\u00e9ritable d\u00e9gustation pour les yeux. Alors, besoin d&#8217;une photo culinaire (ou plusieurs)?<\/p>\n\n\n\n<p><a href=\"http:\/\/www.emmanuellegrimaud.fr\">Visitez \u00e9galement mon site plus g\u00e9n\u00e9raliste<\/a><\/p>\n\n\n\n<p><\/p>\n<\/div>\n\n\n\n<div class=\"wp-block-column is-layout-flow wp-block-column-is-layout-flow\">\n<div style=\"height:48px\" aria-hidden=\"true\" class=\"wp-block-spacer\"><\/div>\n\n\n\n<figure class=\"wp-block-image size-large\"><img loading=\"lazy\" decoding=\"async\" width=\"683\" height=\"1024\" src=\"https:\/\/photogourmande.com\/wp-content\/uploads\/2023\/07\/Choux-emma-683x1024.jpg\" alt=\"\" class=\"wp-image-25\" srcset=\"https:\/\/photogourmande.com\/wp-content\/uploads\/2023\/07\/Choux-emma-683x1024.jpg 683w, https:\/\/photogourmande.com\/wp-content\/uploads\/2023\/07\/Choux-emma-200x300.jpg 200w, https:\/\/photogourmande.com\/wp-content\/uploads\/2023\/07\/Choux-emma-768x1152.jpg 768w, https:\/\/photogourmande.com\/wp-content\/uploads\/2023\/07\/Choux-emma-1024x1536.jpg 1024w, https:\/\/photogourmande.com\/wp-content\/uploads\/2023\/07\/Choux-emma-1365x2048.jpg 1365w, https:\/\/photogourmande.com\/wp-content\/uploads\/2023\/07\/Choux-emma-2000x3000.jpg 2000w, https:\/\/photogourmande.com\/wp-content\/uploads\/2023\/07\/Choux-emma-600x900.jpg 600w, https:\/\/photogourmande.com\/wp-content\/uploads\/2023\/07\/Choux-emma-1200x1800.jpg 1200w, https:\/\/photogourmande.com\/wp-content\/uploads\/2023\/07\/Choux-emma-scaled.jpg 1707w\" sizes=\"auto, (max-width: 683px) 100vw, 683px\" \/><figcaption class=\"wp-element-caption\">Chou \u00e0 la vanille<\/figcaption><\/figure>\n<\/div>\n<\/div>\n<\/div><\/div>\n\n\n\n<div class=\"wp-block-group alignfull has-black-background-color has-background\"><div class=\"wp-block-group__inner-container is-layout-flow wp-block-group-is-layout-flow\">\n<h2 class=\"wp-block-heading has-text-align-center has-white-color has-text-color\"><strong><a href=\"https:\/\/photogourmande.com\/?page_id=2\" data-type=\"page\" data-id=\"2\">Galerie<\/a><\/strong><\/h2>\n\n\n\n<figure class=\"wp-block-gallery aligncenter has-nested-images columns-default is-cropped wp-block-gallery-1 is-layout-flex wp-block-gallery-is-layout-flex\">\n<figure class=\"wp-block-image size-large\"><img loading=\"lazy\" decoding=\"async\" width=\"1024\" height=\"683\" src=\"https:\/\/photogourmande.com\/wp-content\/uploads\/2023\/07\/E-Grimaud-1-1-1024x683.jpeg\" alt=\"\" class=\"wp-image-29\" srcset=\"https:\/\/photogourmande.com\/wp-content\/uploads\/2023\/07\/E-Grimaud-1-1-1024x683.jpeg 1024w, https:\/\/photogourmande.com\/wp-content\/uploads\/2023\/07\/E-Grimaud-1-1-300x200.jpeg 300w, https:\/\/photogourmande.com\/wp-content\/uploads\/2023\/07\/E-Grimaud-1-1-768x512.jpeg 768w, https:\/\/photogourmande.com\/wp-content\/uploads\/2023\/07\/E-Grimaud-1-1-600x400.jpeg 600w, https:\/\/photogourmande.com\/wp-content\/uploads\/2023\/07\/E-Grimaud-1-1-1200x800.jpeg 1200w, https:\/\/photogourmande.com\/wp-content\/uploads\/2023\/07\/E-Grimaud-1-1.jpeg 1500w\" sizes=\"auto, (max-width: 1024px) 100vw, 1024px\" \/><figcaption class=\"wp-element-caption\">Photo pour Umamiz; guacamol<\/figcaption><\/figure>\n\n\n\n<figure class=\"wp-block-image size-large\"><img loading=\"lazy\" decoding=\"async\" width=\"1024\" height=\"683\" src=\"https:\/\/photogourmande.com\/wp-content\/uploads\/2023\/07\/312327479_492127002935355_3026039830968229633_n-1024x683.jpg\" alt=\"\" class=\"wp-image-30\" srcset=\"https:\/\/photogourmande.com\/wp-content\/uploads\/2023\/07\/312327479_492127002935355_3026039830968229633_n-1024x683.jpg 1024w, https:\/\/photogourmande.com\/wp-content\/uploads\/2023\/07\/312327479_492127002935355_3026039830968229633_n-300x200.jpg 300w, https:\/\/photogourmande.com\/wp-content\/uploads\/2023\/07\/312327479_492127002935355_3026039830968229633_n-768x512.jpg 768w, https:\/\/photogourmande.com\/wp-content\/uploads\/2023\/07\/312327479_492127002935355_3026039830968229633_n-600x400.jpg 600w, https:\/\/photogourmande.com\/wp-content\/uploads\/2023\/07\/312327479_492127002935355_3026039830968229633_n-1200x800.jpg 1200w, https:\/\/photogourmande.com\/wp-content\/uploads\/2023\/07\/312327479_492127002935355_3026039830968229633_n.jpg 1300w\" sizes=\"auto, (max-width: 1024px) 100vw, 1024px\" \/><figcaption class=\"wp-element-caption\">Buche de No\u00ebl<\/figcaption><\/figure>\n\n\n\n<figure class=\"wp-block-image size-large\"><img loading=\"lazy\" decoding=\"async\" width=\"1024\" height=\"683\" src=\"https:\/\/photogourmande.com\/wp-content\/uploads\/2023\/07\/E-Grimaud-7258-copie-1024x683.jpeg\" alt=\"\" class=\"wp-image-31\" srcset=\"https:\/\/photogourmande.com\/wp-content\/uploads\/2023\/07\/E-Grimaud-7258-copie-1024x683.jpeg 1024w, https:\/\/photogourmande.com\/wp-content\/uploads\/2023\/07\/E-Grimaud-7258-copie-300x200.jpeg 300w, https:\/\/photogourmande.com\/wp-content\/uploads\/2023\/07\/E-Grimaud-7258-copie-768x512.jpeg 768w, https:\/\/photogourmande.com\/wp-content\/uploads\/2023\/07\/E-Grimaud-7258-copie-600x400.jpeg 600w, https:\/\/photogourmande.com\/wp-content\/uploads\/2023\/07\/E-Grimaud-7258-copie-1200x800.jpeg 1200w, https:\/\/photogourmande.com\/wp-content\/uploads\/2023\/07\/E-Grimaud-7258-copie.jpeg 1500w\" sizes=\"auto, (max-width: 1024px) 100vw, 1024px\" \/><\/figure>\n\n\n\n<figure class=\"wp-block-image size-large\"><img loading=\"lazy\" decoding=\"async\" width=\"1024\" height=\"683\" src=\"https:\/\/photogourmande.com\/wp-content\/uploads\/2023\/07\/E-Grimaud-7657-1024x683.jpeg\" alt=\"\" class=\"wp-image-32\" srcset=\"https:\/\/photogourmande.com\/wp-content\/uploads\/2023\/07\/E-Grimaud-7657-1024x683.jpeg 1024w, https:\/\/photogourmande.com\/wp-content\/uploads\/2023\/07\/E-Grimaud-7657-300x200.jpeg 300w, https:\/\/photogourmande.com\/wp-content\/uploads\/2023\/07\/E-Grimaud-7657-768x512.jpeg 768w, https:\/\/photogourmande.com\/wp-content\/uploads\/2023\/07\/E-Grimaud-7657-600x400.jpeg 600w, https:\/\/photogourmande.com\/wp-content\/uploads\/2023\/07\/E-Grimaud-7657-1200x800.jpeg 1200w, https:\/\/photogourmande.com\/wp-content\/uploads\/2023\/07\/E-Grimaud-7657.jpeg 1500w\" sizes=\"auto, (max-width: 1024px) 100vw, 1024px\" \/><figcaption class=\"wp-element-caption\">G\u00e2teau de No\u00ebl<\/figcaption><\/figure>\n\n\n\n<figure class=\"wp-block-image size-large\"><img loading=\"lazy\" decoding=\"async\" width=\"1024\" height=\"683\" src=\"https:\/\/photogourmande.com\/wp-content\/uploads\/2023\/07\/E-Grimaud-2-3-1024x683.jpeg\" alt=\"\" class=\"wp-image-33\" srcset=\"https:\/\/photogourmande.com\/wp-content\/uploads\/2023\/07\/E-Grimaud-2-3-1024x683.jpeg 1024w, https:\/\/photogourmande.com\/wp-content\/uploads\/2023\/07\/E-Grimaud-2-3-300x200.jpeg 300w, https:\/\/photogourmande.com\/wp-content\/uploads\/2023\/07\/E-Grimaud-2-3-768x512.jpeg 768w, https:\/\/photogourmande.com\/wp-content\/uploads\/2023\/07\/E-Grimaud-2-3-600x400.jpeg 600w, https:\/\/photogourmande.com\/wp-content\/uploads\/2023\/07\/E-Grimaud-2-3-1200x800.jpeg 1200w, https:\/\/photogourmande.com\/wp-content\/uploads\/2023\/07\/E-Grimaud-2-3.jpeg 1500w\" sizes=\"auto, (max-width: 1024px) 100vw, 1024px\" \/><figcaption class=\"wp-element-caption\">\u0153uf au plat<\/figcaption><\/figure>\n\n\n\n<figure class=\"wp-block-image size-large\"><img loading=\"lazy\" decoding=\"async\" width=\"1024\" height=\"683\" src=\"https:\/\/photogourmande.com\/wp-content\/uploads\/2023\/07\/E-Grimaud-9867-1024x683.jpeg\" alt=\"\" class=\"wp-image-34\" srcset=\"https:\/\/photogourmande.com\/wp-content\/uploads\/2023\/07\/E-Grimaud-9867-1024x683.jpeg 1024w, https:\/\/photogourmande.com\/wp-content\/uploads\/2023\/07\/E-Grimaud-9867-300x200.jpeg 300w, https:\/\/photogourmande.com\/wp-content\/uploads\/2023\/07\/E-Grimaud-9867-768x512.jpeg 768w, https:\/\/photogourmande.com\/wp-content\/uploads\/2023\/07\/E-Grimaud-9867-600x400.jpeg 600w, https:\/\/photogourmande.com\/wp-content\/uploads\/2023\/07\/E-Grimaud-9867-1200x800.jpeg 1200w, https:\/\/photogourmande.com\/wp-content\/uploads\/2023\/07\/E-Grimaud-9867.jpeg 1500w\" sizes=\"auto, (max-width: 1024px) 100vw, 1024px\" \/><figcaption class=\"wp-element-caption\">Tarte au citron<\/figcaption><\/figure>\n<\/figure>\n\n\n\n<p><\/p>\n<\/div><\/div>\n\n\n\n<div class=\"wp-block-cover alignfull has-parallax is-position-center-center\" style=\"min-height:375px;aspect-ratio:unset;\"><span aria-hidden=\"true\" class=\"wp-block-cover__background has-black-background-color has-background-dim-40 has-background-dim\"><\/span><div class=\"wp-block-cover__image-background wp-image-24 has-parallax\" style=\"background-position:50% 50%;background-image:url(https:\/\/photogourmande.com\/wp-content\/themes\/inspiro\/assets\/images\/StockSnap_89BQZ89TLH.jpg)\"><\/div><div class=\"wp-block-cover__inner-container is-layout-flow wp-block-cover-is-layout-flow\">\n<p class=\"has-text-align-center has-text-color has-huge-font-size\" style=\"color:#fffffa;line-height:1.1\"><strong>Un projet ? Contactez moi <\/strong><\/p>\n\n\n\n<div style=\"height:39px\" aria-hidden=\"true\" class=\"wp-block-spacer\"><\/div>\n\n\n\n<div class=\"wp-block-buttons is-horizontal is-content-justification-center is-layout-flex wp-container-core-buttons-is-layout-1 wp-block-buttons-is-layout-flex\">\n<div class=\"wp-block-button is-style-outline is-style-outline--2\"><a class=\"wp-block-button__link has-white-color has-text-color wp-element-button\" href=\"https:\/\/photogourmande.com\/?page_id=8\">Contactez moi<\/a><\/div>\n<\/div>\n<\/div><\/div>\n\n\n\n<p><em><sub><a href=\"https:\/\/photogourmande.com\/?page_id=101\" data-type=\"page\" data-id=\"101\" target=\"_blank\" rel=\"noreferrer noopener\">Conditions g\u00e9n\u00e9rale et R<\/a><a href=\"https:\/\/photogourmande.com\/?page_id=101\" data-type=\"page\" data-id=\"101\">GPD<\/a><\/sub><\/em><\/p>\n\n\n\n<p><\/p>\n\n\n\n<!--more-->\n\n\n\n<div class=\"wp-block-group is-vertical is-layout-flex wp-container-core-group-is-layout-4 wp-block-group-is-layout-flex\"><\/div>\n\n\n\n<hr class=\"wp-block-separator has-alpha-channel-opacity\"\/>\n\n\n\n<details class=\"wp-block-details is-layout-flow wp-block-details-is-layout-flow\"><summary><\/summary>\n<p><\/p>\n<\/details>\n","protected":false},"excerpt":{"rendered":"<p>D\u00e9couvrez l&#8217;univers gourmand captur\u00e9 \u00e0 travers l&#8217;objectif d&#8217;Emmanuelle Grimaud, photographe passionn\u00e9e. Nous vous invitons \u00e0 explorer notre galerie de photos mettant en sc\u00e8ne des mati\u00e8res premi\u00e8res app\u00e9tissantes, mais aussi des produits transform\u00e9s, des plats all\u00e9chants, des p\u00e2tisseries tentantes, des chocolats exquis et m\u00eame des bouteilles de vins ou d&#8217;huile d&#8217;olive. Bref, la photo culinaire. Notre &hellip; <\/p>\n<p class=\"link-more\"><a href=\"https:\/\/photogourmande.com\/\" class=\"more-link\">Read more<span class=\"screen-reader-text\"> &#8220;La photo culinaire : mettre en avant vos cr\u00e9ations culinaires&#8221;<\/span><\/a><\/p>\n","protected":false},"author":1,"featured_media":0,"parent":0,"menu_order":0,"comment_status":"closed","ping_status":"closed","template":"","meta":{"footnotes":""},"class_list":["post-6","page","type-page","status-publish","hentry"],"yoast_head":"<!-- This site is optimized with the Yoast SEO plugin v24.5 - https:\/\/yoast.com\/wordpress\/plugins\/seo\/ -->\n<title>La photo culinaire : mettre en avant vos cr\u00e9ations culinaires - Photo Gourmande<\/title>\n<meta name=\"description\" content=\"Pour vos besoins de photos culinaires pour les restaurateurs, p\u00e2tissiers, m\u00e9tiers de bouche dans l&#039;H\u00e9rault\" \/>\n<meta name=\"robots\" content=\"index, follow, max-snippet:-1, max-image-preview:large, max-video-preview:-1\" \/>\n<link rel=\"canonical\" href=\"https:\/\/photogourmande.com\/\" \/>\n<meta property=\"og:locale\" content=\"en_US\" \/>\n<meta property=\"og:type\" content=\"article\" \/>\n<meta property=\"og:title\" content=\"La photo culinaire\" \/>\n<meta property=\"og:description\" content=\"La photo culinaire est indispensable pour les traiteurs, restaurateurs, p\u00e2tissiers, vignerons et tous les m\u00e9tiers de bouches\" \/>\n<meta property=\"og:url\" content=\"https:\/\/photogourmande.com\/\" \/>\n<meta property=\"og:site_name\" content=\"Photo Gourmande\" \/>\n<meta property=\"article:modified_time\" content=\"2025-03-03T17:16:15+00:00\" \/>\n<meta property=\"og:image\" content=\"http:\/\/photogourmande.com\/wp-content\/uploads\/2023\/07\/E-Grimaud-2-3-1.jpeg\" \/>\n\t<meta property=\"og:image:width\" content=\"1500\" \/>\n\t<meta property=\"og:image:height\" content=\"1000\" \/>\n\t<meta property=\"og:image:type\" content=\"image\/jpeg\" \/>\n<meta name=\"twitter:card\" content=\"summary_large_image\" \/>\n<meta name=\"twitter:label1\" content=\"Est. reading time\" \/>\n\t<meta name=\"twitter:data1\" content=\"4 minutes\" \/>\n<script type=\"application\/ld+json\" class=\"yoast-schema-graph\">{\"@context\":\"https:\/\/schema.org\",\"@graph\":[{\"@type\":\"WebPage\",\"@id\":\"https:\/\/photogourmande.com\/\",\"url\":\"https:\/\/photogourmande.com\/\",\"name\":\"La photo culinaire : mettre en avant vos cr\u00e9ations culinaires - Photo Gourmande\",\"isPartOf\":{\"@id\":\"https:\/\/photogourmande.com\/#website\"},\"primaryImageOfPage\":{\"@id\":\"https:\/\/photogourmande.com\/#primaryimage\"},\"image\":{\"@id\":\"https:\/\/photogourmande.com\/#primaryimage\"},\"thumbnailUrl\":\"https:\/\/photogourmande.com\/wp-content\/uploads\/2023\/10\/386189141_10227232834024558_6418035153529955791_n-1024x1024.jpg\",\"datePublished\":\"2023-07-02T17:43:11+00:00\",\"dateModified\":\"2025-03-03T17:16:15+00:00\",\"description\":\"Pour vos besoins de photos culinaires pour les restaurateurs, p\u00e2tissiers, m\u00e9tiers de bouche dans l'H\u00e9rault\",\"breadcrumb\":{\"@id\":\"https:\/\/photogourmande.com\/#breadcrumb\"},\"inLanguage\":\"en-US\",\"potentialAction\":[{\"@type\":\"ReadAction\",\"target\":[\"https:\/\/photogourmande.com\/\"]}]},{\"@type\":\"ImageObject\",\"inLanguage\":\"en-US\",\"@id\":\"https:\/\/photogourmande.com\/#primaryimage\",\"url\":\"https:\/\/photogourmande.com\/wp-content\/uploads\/2023\/10\/386189141_10227232834024558_6418035153529955791_n-1024x1024.jpg\",\"contentUrl\":\"https:\/\/photogourmande.com\/wp-content\/uploads\/2023\/10\/386189141_10227232834024558_6418035153529955791_n-1024x1024.jpg\"},{\"@type\":\"BreadcrumbList\",\"@id\":\"https:\/\/photogourmande.com\/#breadcrumb\",\"itemListElement\":[{\"@type\":\"ListItem\",\"position\":1,\"name\":\"Accueil\",\"item\":\"https:\/\/photogourmande.com\/\"},{\"@type\":\"ListItem\",\"position\":2,\"name\":\"Photo culinaire\"}]},{\"@type\":\"WebSite\",\"@id\":\"https:\/\/photogourmande.com\/#website\",\"url\":\"https:\/\/photogourmande.com\/\",\"name\":\"Photo Gourmande\",\"description\":\"Pour vos cr\u00e9ation culinaire\",\"potentialAction\":[{\"@type\":\"SearchAction\",\"target\":{\"@type\":\"EntryPoint\",\"urlTemplate\":\"https:\/\/photogourmande.com\/?s={search_term_string}\"},\"query-input\":{\"@type\":\"PropertyValueSpecification\",\"valueRequired\":true,\"valueName\":\"search_term_string\"}}],\"inLanguage\":\"en-US\"}]}<\/script>\n<!-- \/ Yoast SEO plugin. -->","yoast_head_json":{"title":"La photo culinaire : mettre en avant vos cr\u00e9ations culinaires - Photo Gourmande","description":"Pour vos besoins de photos culinaires pour les restaurateurs, p\u00e2tissiers, m\u00e9tiers de bouche dans l'H\u00e9rault","robots":{"index":"index","follow":"follow","max-snippet":"max-snippet:-1","max-image-preview":"max-image-preview:large","max-video-preview":"max-video-preview:-1"},"canonical":"https:\/\/photogourmande.com\/","og_locale":"en_US","og_type":"article","og_title":"La photo culinaire","og_description":"La photo culinaire est indispensable pour les traiteurs, restaurateurs, p\u00e2tissiers, vignerons et tous les m\u00e9tiers de bouches","og_url":"https:\/\/photogourmande.com\/","og_site_name":"Photo Gourmande","article_modified_time":"2025-03-03T17:16:15+00:00","og_image":[{"width":1500,"height":1000,"url":"http:\/\/photogourmande.com\/wp-content\/uploads\/2023\/07\/E-Grimaud-2-3-1.jpeg","type":"image\/jpeg"}],"twitter_card":"summary_large_image","twitter_misc":{"Est. reading time":"4 minutes"},"schema":{"@context":"https:\/\/schema.org","@graph":[{"@type":"WebPage","@id":"https:\/\/photogourmande.com\/","url":"https:\/\/photogourmande.com\/","name":"La photo culinaire : mettre en avant vos cr\u00e9ations culinaires - Photo Gourmande","isPartOf":{"@id":"https:\/\/photogourmande.com\/#website"},"primaryImageOfPage":{"@id":"https:\/\/photogourmande.com\/#primaryimage"},"image":{"@id":"https:\/\/photogourmande.com\/#primaryimage"},"thumbnailUrl":"https:\/\/photogourmande.com\/wp-content\/uploads\/2023\/10\/386189141_10227232834024558_6418035153529955791_n-1024x1024.jpg","datePublished":"2023-07-02T17:43:11+00:00","dateModified":"2025-03-03T17:16:15+00:00","description":"Pour vos besoins de photos culinaires pour les restaurateurs, p\u00e2tissiers, m\u00e9tiers de bouche dans l'H\u00e9rault","breadcrumb":{"@id":"https:\/\/photogourmande.com\/#breadcrumb"},"inLanguage":"en-US","potentialAction":[{"@type":"ReadAction","target":["https:\/\/photogourmande.com\/"]}]},{"@type":"ImageObject","inLanguage":"en-US","@id":"https:\/\/photogourmande.com\/#primaryimage","url":"https:\/\/photogourmande.com\/wp-content\/uploads\/2023\/10\/386189141_10227232834024558_6418035153529955791_n-1024x1024.jpg","contentUrl":"https:\/\/photogourmande.com\/wp-content\/uploads\/2023\/10\/386189141_10227232834024558_6418035153529955791_n-1024x1024.jpg"},{"@type":"BreadcrumbList","@id":"https:\/\/photogourmande.com\/#breadcrumb","itemListElement":[{"@type":"ListItem","position":1,"name":"Accueil","item":"https:\/\/photogourmande.com\/"},{"@type":"ListItem","position":2,"name":"Photo culinaire"}]},{"@type":"WebSite","@id":"https:\/\/photogourmande.com\/#website","url":"https:\/\/photogourmande.com\/","name":"Photo Gourmande","description":"Pour vos cr\u00e9ation culinaire","potentialAction":[{"@type":"SearchAction","target":{"@type":"EntryPoint","urlTemplate":"https:\/\/photogourmande.com\/?s={search_term_string}"},"query-input":{"@type":"PropertyValueSpecification","valueRequired":true,"valueName":"search_term_string"}}],"inLanguage":"en-US"}]}},"featured_media_urls":[],"_links":{"self":[{"href":"https:\/\/photogourmande.com\/index.php?rest_route=\/wp\/v2\/pages\/6","targetHints":{"allow":["GET"]}}],"collection":[{"href":"https:\/\/photogourmande.com\/index.php?rest_route=\/wp\/v2\/pages"}],"about":[{"href":"https:\/\/photogourmande.com\/index.php?rest_route=\/wp\/v2\/types\/page"}],"author":[{"embeddable":true,"href":"https:\/\/photogourmande.com\/index.php?rest_route=\/wp\/v2\/users\/1"}],"replies":[{"embeddable":true,"href":"https:\/\/photogourmande.com\/index.php?rest_route=%2Fwp%2Fv2%2Fcomments&post=6"}],"version-history":[{"count":23,"href":"https:\/\/photogourmande.com\/index.php?rest_route=\/wp\/v2\/pages\/6\/revisions"}],"predecessor-version":[{"id":154,"href":"https:\/\/photogourmande.com\/index.php?rest_route=\/wp\/v2\/pages\/6\/revisions\/154"}],"wp:attachment":[{"href":"https:\/\/photogourmande.com\/index.php?rest_route=%2Fwp%2Fv2%2Fmedia&parent=6"}],"curies":[{"name":"wp","href":"https:\/\/api.w.org\/{rel}","templated":true}]}}